{"id":926,"date":"2020-01-13T14:08:01","date_gmt":"2020-01-13T14:08:01","guid":{"rendered":"https:\/\/theplanc.ch\/concept-flats\/?page_id=926"},"modified":"2020-02-25T12:56:08","modified_gmt":"2020-02-25T12:56:08","slug":"nikos-lemonas-de","status":"publish","type":"page","link":"https:\/\/theplanc.ch\/concept-flats\/de\/nikos-lemonas-de\/","title":{"rendered":"Nikos Lemonas_De"},"content":{"rendered":"<p>[vc_section][vc_row][vc_column][vc_empty_space height=&#8221;50px&#8221;]<div class=\"mkdf-section-title-holder  mkdf-st-standard mkdf-st-title-left mkdf-st-normal-space \" style=\"text-align: center\">\n\t<div class=\"mkdf-st-inner\">\n        \t\t\t\t\t<h1 class=\"mkdf-st-title\" >\n\t\t\t\tNikos Lemonas\t\t\t<\/h1>\n\t\t        <div class=\"mkdf-svg-separator-holder mkdf-svg-separator-small\">\n    <div class=\"mkdf-svg-separator mkdf-svg-frames-class\" data-svg-frames=\"15\" data-svg-drawing=\"yes\" >\n        <svg version=\"1.1\" style=\"stroke: #bf9410\" id=\"layer_399\" xmlns=\"http:\/\/www.w3.org\/2000\/svg\" xmlns:xlink=\"http:\/\/www.w3.org\/1999\/xlink\" x=\"0px\" y=\"0px\"\n             width=\"65.167px\" height=\"11.917px\" viewBox=\"0 0 65.167 11.917\" enable-background=\"new 0 0 65.167 11.917\" xml:space=\"preserve\">\n            <path fill=\"none\" stroke=\"#010101\" stroke-width=\"1\" stroke-miterlimit=\"3\" d=\"M1.045,9.833 9.295,2.083 17.295,9.833\n            24.295,2.083 32.291,9.833 39.294,2.083 47.294,9.833 54.294,2.083 64.287,9.833 \"\/>\n        <\/svg>\n    <\/div>\n<\/div>\t\t\t<\/div>\n<\/div>[vc_empty_space height=&#8221;50px&#8221;][\/vc_column][\/vc_row][\/vc_section][vc_section][vc_row full_width=&#8221;stretch_row_content_no_spaces&#8221; equal_height=&#8221;yes&#8221;][vc_column offset=&#8221;vc_col-lg-6 vc_col-md-12&#8243;][vc_single_image image=&#8221;917&#8243; img_size=&#8221;full&#8221;][\/vc_column][vc_column css=&#8221;.vc_custom_1578924314737{padding-right: 25px !important;padding-bottom: 25px !important;padding-left: 25px !important;}&#8221; offset=&#8221;vc_col-lg-6 vc_col-md-12&#8243;][vc_row_inner][vc_column_inner offset=&#8221;vc_hidden-lg&#8221;][vc_empty_space height=&#8221;35px&#8221;][\/vc_column_inner][\/vc_row_inner]<div class=\"mkdf-section-title-holder  mkdf-st-standard mkdf-st-title-left mkdf-st-normal-space \" style=\"text-align: center\">\n\t<div class=\"mkdf-st-inner\">\n        \t\t\t\t\t<h3 class=\"mkdf-st-title\" >\n\t\t\t\t\u00dcber mich\t\t\t<\/h3>\n\t\t        \t\t\t<\/div>\n<\/div>[vc_column_text]Ich bin in Saloniki, 1976 geboren und habe mein Abitur in der Deutschen Schule absolviert, eine Vorbildschule, der ich wichtige Merkmale meines Charakters verdanke. Ich bin Diplom Ingenieure in Bauingenieurwesen an der Aristoteles Universit\u00e4t Thessaloniki und habe weiter einem MBA an der Universit\u00e4t Mazedonien erhalten. Seit 2000 ist die Werkstaat mein zweites Haus geworden, da ich in F\u00fchrungspositionen an mehr als 1000 gro\u00dfe und kleine\u00a0 auprojekte in Griechenland teilgenommen habe.<\/p>\n<p>Im Jahr 2004 entscheide ich mich, in die Wirtschaft einzusteigen, um meinen Traum zu verwirklichen. Heute kann ich als Inhaber des Bauunternehmens Becode_Lemonas und als Leiter eines wunderbaren Teams von Partnern nur behaupten, dass ich in meiner Wahl gerechtfertigt bin.<\/p>\n<p>Auf die Frage, welchen Beruf ich aus\u00fcbe, beantworte ich gerne &#8230; &amp;quot;Probleml\u00f6ser&amp;quot;, denn im Alltag muss man Entscheidungen treffen und schnell L\u00f6sungen liefern.<\/p>\n<p>Es ist mir eine Freude, aber auch ein Gl\u00fcck, Mitglied von &#8220;THE PLAN C&#8221; zu sein. Die endlosen Gespr\u00e4che und der &amp;quot;ewige Austausch von Tr\u00e4umen&amp;quot; mit einem der bemerkenswertesten, aufschlussreichsten und sch\u00f6nsten Menschen, die ich in meinem Leben getroffen habe, meinem Herzensfreund George Nikolaidis, sind verwirklicht.<\/p>\n<p><a href=\"mailto:nlemonas@becode.gr\" target=\"_blank\" rel=\"noopener noreferrer\">Email: nlemonas@becode.gr<\/a>[\/vc_column_text][\/vc_column][\/vc_row][\/vc_section]<\/p>\n","protected":false},"excerpt":{"rendered":"<p>[vc_section][vc_row][vc_column][vc_empty_space height=&#8221;50px&#8221;][vc_empty_space height=&#8221;50px&#8221;][\/vc_column][\/vc_row][\/vc_section][vc_section][vc_row full_width=&#8221;stretch_row_content_no_spaces&#8221; equal_height=&#8221;yes&#8221;][vc_column offset=&#8221;vc_col-lg-6 vc_col-md-12&#8243;][vc_single_image image=&#8221;917&#8243; img_size=&#8221;full&#8221;][\/vc_column][vc_column css=&#8221;.vc_custom_1578924314737{padding-right: 25px !important;padding-bottom: 25px !important;padding-left: 25px !important;}&#8221; offset=&#8221;vc_col-lg-6 vc_col-md-12&#8243;][vc_row_inner][vc_column_inner offset=&#8221;vc_hidden-lg&#8221;][vc_empty_space height=&#8221;35px&#8221;][\/vc_column_inner][\/vc_row_inner][vc_column_text]Ich bin in Saloniki, 1976 geboren und habe mein Abitur in der Deutschen Schule absolviert, eine Vorbildschule, der ich wichtige Merkmale [&hellip;]<\/p>\n","protected":false},"author":2,"featured_media":0,"parent":0,"menu_order":0,"comment_status":"closed","ping_status":"closed","template":"","meta":[],"_links":{"self":[{"href":"https:\/\/theplanc.ch\/concept-flats\/wp-json\/wp\/v2\/pages\/926"}],"collection":[{"href":"https:\/\/theplanc.ch\/concept-flats\/wp-json\/wp\/v2\/pages"}],"about":[{"href":"https:\/\/theplanc.ch\/concept-flats\/wp-json\/wp\/v2\/types\/page"}],"author":[{"embeddable":true,"href":"https:\/\/theplanc.ch\/concept-flats\/wp-json\/wp\/v2\/users\/2"}],"replies":[{"embeddable":true,"href":"https:\/\/theplanc.ch\/concept-flats\/wp-json\/wp\/v2\/comments?post=926"}],"version-history":[{"count":6,"href":"https:\/\/theplanc.ch\/concept-flats\/wp-json\/wp\/v2\/pages\/926\/revisions"}],"predecessor-version":[{"id":1240,"href":"https:\/\/theplanc.ch\/concept-flats\/wp-json\/wp\/v2\/pages\/926\/revisions\/1240"}],"wp:attachment":[{"href":"https:\/\/theplanc.ch\/concept-flats\/wp-json\/wp\/v2\/media?parent=926"}],"curies":[{"name":"wp","href":"https:\/\/api.w.org\/{rel}","templated":true}]}}