{"id":656,"date":"2019-10-22T13:41:23","date_gmt":"2019-10-22T13:41:23","guid":{"rendered":"https:\/\/theplanc.ch\/concept-flats\/?page_id=656"},"modified":"2020-02-25T11:46:30","modified_gmt":"2020-02-25T11:46:30","slug":"stella-nikolaidis-de","status":"publish","type":"page","link":"https:\/\/theplanc.ch\/concept-flats\/de\/stella-nikolaidis-de\/","title":{"rendered":"Stella Nikolaidis_De"},"content":{"rendered":"<p>[vc_section][vc_row][vc_column][vc_empty_space height=&#8221;50px&#8221;]<div class=\"mkdf-section-title-holder  mkdf-st-standard mkdf-st-title-left mkdf-st-normal-space \" style=\"text-align: center\">\n\t<div class=\"mkdf-st-inner\">\n        \t\t\t\t\t<h1 class=\"mkdf-st-title\" >\n\t\t\t\tStella Nikolaidis\t\t\t<\/h1>\n\t\t        <div class=\"mkdf-svg-separator-holder mkdf-svg-separator-small\">\n    <div class=\"mkdf-svg-separator mkdf-svg-frames-class\" data-svg-frames=\"15\" data-svg-drawing=\"yes\" >\n        <svg version=\"1.1\" style=\"stroke: #bf9410\" id=\"layer_113\" xmlns=\"http:\/\/www.w3.org\/2000\/svg\" xmlns:xlink=\"http:\/\/www.w3.org\/1999\/xlink\" x=\"0px\" y=\"0px\"\n             width=\"65.167px\" height=\"11.917px\" viewBox=\"0 0 65.167 11.917\" enable-background=\"new 0 0 65.167 11.917\" xml:space=\"preserve\">\n            <path fill=\"none\" stroke=\"#010101\" stroke-width=\"1\" stroke-miterlimit=\"3\" d=\"M1.045,9.833 9.295,2.083 17.295,9.833\n            24.295,2.083 32.291,9.833 39.294,2.083 47.294,9.833 54.294,2.083 64.287,9.833 \"\/>\n        <\/svg>\n    <\/div>\n<\/div>\t\t\t<\/div>\n<\/div>[vc_empty_space height=&#8221;50px&#8221;][\/vc_column][\/vc_row][\/vc_section][vc_section][vc_row full_width=&#8221;stretch_row_content_no_spaces&#8221; equal_height=&#8221;yes&#8221;][vc_column offset=&#8221;vc_col-lg-6 vc_col-md-12&#8243;][vc_single_image image=&#8221;918&#8243; img_size=&#8221;full&#8221;][\/vc_column][vc_column css=&#8221;.vc_custom_1578923764197{padding-right: 25px !important;padding-bottom: 25px !important;padding-left: 25px !important;}&#8221; offset=&#8221;vc_col-lg-6 vc_col-md-12&#8243;][vc_row_inner][vc_column_inner offset=&#8221;vc_hidden-lg&#8221;][vc_empty_space height=&#8221;35px&#8221;][\/vc_column_inner][\/vc_row_inner]<div class=\"mkdf-section-title-holder  mkdf-st-standard mkdf-st-title-left mkdf-st-normal-space \" style=\"text-align: center\">\n\t<div class=\"mkdf-st-inner\">\n        \t\t\t\t\t<h3 class=\"mkdf-st-title\" >\n\t\t\t\t\u00dcber mich\t\t\t<\/h3>\n\t\t        \t\t\t<\/div>\n<\/div>[vc_column_text]Mit Ausnahme von sechs Jahren w\u00e4hrend meiner Kindheit, die ich auf der wundersch\u00f6nen Insel Thassos, der Heimat meines Vaters verbrachte, bin in der Schweiz geboren und aufgewachsen. Ich habe an der Universit\u00e4t Z\u00fcrich Jura studiert und arbeite im Versicherungsbereich. Wir sind gl\u00fcckliche Eltern einer Tochter und zwei S\u00f6hne, die wir gemeinsam mit meinen Mann auf Ihrem Lebensweg begleiten.<\/p>\n<p>Ich beteilige mich an Georg\u2018s Vision, ein zeitgem\u00e4sses Wohn- und Arbeitskonzept zu entwickeln und anzubieten, wobei meine pers\u00f6nliche Schwerpunkte auf die rechtlichen Aspekten, die \u00c4sthetik und die Funktionalit\u00e4t liegen.<\/p>\n<p><a href=\"mailto:stella.nikolaidis@theplanc.ch\" target=\"_blank\" rel=\"noopener noreferrer\">E-mail: stella.nikolaidis@theplanc.ch<\/a>[\/vc_column_text][\/vc_column][\/vc_row][\/vc_section]<\/p>\n","protected":false},"excerpt":{"rendered":"<p>[vc_section][vc_row][vc_column][vc_empty_space height=&#8221;50px&#8221;][vc_empty_space height=&#8221;50px&#8221;][\/vc_column][\/vc_row][\/vc_section][vc_section][vc_row full_width=&#8221;stretch_row_content_no_spaces&#8221; equal_height=&#8221;yes&#8221;][vc_column offset=&#8221;vc_col-lg-6 vc_col-md-12&#8243;][vc_single_image image=&#8221;918&#8243; img_size=&#8221;full&#8221;][\/vc_column][vc_column css=&#8221;.vc_custom_1578923764197{padding-right: 25px !important;padding-bottom: 25px !important;padding-left: 25px !important;}&#8221; offset=&#8221;vc_col-lg-6 vc_col-md-12&#8243;][vc_row_inner][vc_column_inner offset=&#8221;vc_hidden-lg&#8221;][vc_empty_space height=&#8221;35px&#8221;][\/vc_column_inner][\/vc_row_inner][vc_column_text]Mit Ausnahme von sechs Jahren w\u00e4hrend meiner Kindheit, die ich auf der wundersch\u00f6nen Insel Thassos, der Heimat meines Vaters verbrachte, bin [&hellip;]<\/p>\n","protected":false},"author":2,"featured_media":0,"parent":0,"menu_order":0,"comment_status":"closed","ping_status":"closed","template":"","meta":[],"_links":{"self":[{"href":"https:\/\/theplanc.ch\/concept-flats\/wp-json\/wp\/v2\/pages\/656"}],"collection":[{"href":"https:\/\/theplanc.ch\/concept-flats\/wp-json\/wp\/v2\/pages"}],"about":[{"href":"https:\/\/theplanc.ch\/concept-flats\/wp-json\/wp\/v2\/types\/page"}],"author":[{"embeddable":true,"href":"https:\/\/theplanc.ch\/concept-flats\/wp-json\/wp\/v2\/users\/2"}],"replies":[{"embeddable":true,"href":"https:\/\/theplanc.ch\/concept-flats\/wp-json\/wp\/v2\/comments?post=656"}],"version-history":[{"count":8,"href":"https:\/\/theplanc.ch\/concept-flats\/wp-json\/wp\/v2\/pages\/656\/revisions"}],"predecessor-version":[{"id":1220,"href":"https:\/\/theplanc.ch\/concept-flats\/wp-json\/wp\/v2\/pages\/656\/revisions\/1220"}],"wp:attachment":[{"href":"https:\/\/theplanc.ch\/concept-flats\/wp-json\/wp\/v2\/media?parent=656"}],"curies":[{"name":"wp","href":"https:\/\/api.w.org\/{rel}","templated":true}]}}