{"id":647,"date":"2019-10-22T13:35:20","date_gmt":"2019-10-22T13:35:20","guid":{"rendered":"https:\/\/theplanc.ch\/concept-flats\/?page_id=647"},"modified":"2020-02-25T12:55:14","modified_gmt":"2020-02-25T12:55:14","slug":"georg-nikolaidi","status":"publish","type":"page","link":"https:\/\/theplanc.ch\/concept-flats\/de\/georg-nikolaidi\/","title":{"rendered":"Georg Nikolaidis_De"},"content":{"rendered":"<p>[vc_section][vc_row][vc_column][vc_empty_space height=&#8221;50px&#8221;]<div class=\"mkdf-section-title-holder  mkdf-st-standard mkdf-st-title-left mkdf-st-normal-space \" style=\"text-align: center\">\n\t<div class=\"mkdf-st-inner\">\n        \t\t\t\t\t<h1 class=\"mkdf-st-title\" >\n\t\t\t\tGeorg Nikolaidis\t\t\t<\/h1>\n\t\t        <div class=\"mkdf-svg-separator-holder mkdf-svg-separator-small\">\n    <div class=\"mkdf-svg-separator mkdf-svg-frames-class\" data-svg-frames=\"15\" data-svg-drawing=\"yes\" >\n        <svg version=\"1.1\" style=\"stroke: #bf9410\" id=\"layer_567\" xmlns=\"http:\/\/www.w3.org\/2000\/svg\" xmlns:xlink=\"http:\/\/www.w3.org\/1999\/xlink\" x=\"0px\" y=\"0px\"\n             width=\"65.167px\" height=\"11.917px\" viewBox=\"0 0 65.167 11.917\" enable-background=\"new 0 0 65.167 11.917\" xml:space=\"preserve\">\n            <path fill=\"none\" stroke=\"#010101\" stroke-width=\"1\" stroke-miterlimit=\"3\" d=\"M1.045,9.833 9.295,2.083 17.295,9.833\n            24.295,2.083 32.291,9.833 39.294,2.083 47.294,9.833 54.294,2.083 64.287,9.833 \"\/>\n        <\/svg>\n    <\/div>\n<\/div>\t\t\t<\/div>\n<\/div>[vc_empty_space height=&#8221;50px&#8221;][\/vc_column][\/vc_row][\/vc_section][vc_section][vc_row full_width=&#8221;stretch_row_content_no_spaces&#8221; equal_height=&#8221;yes&#8221;][vc_column offset=&#8221;vc_col-lg-6 vc_col-md-12&#8243;][vc_single_image image=&#8221;915&#8243; img_size=&#8221;full&#8221;][\/vc_column][vc_column css=&#8221;.vc_custom_1578923579720{padding-right: 25px !important;padding-bottom: 25px !important;padding-left: 25px !important;}&#8221; offset=&#8221;vc_col-lg-6 vc_col-md-12&#8243;][vc_row_inner][vc_column_inner offset=&#8221;vc_hidden-lg&#8221;][vc_empty_space height=&#8221;35px&#8221;][\/vc_column_inner][\/vc_row_inner]<div class=\"mkdf-section-title-holder  mkdf-st-standard mkdf-st-title-left mkdf-st-normal-space \" style=\"text-align: center\">\n\t<div class=\"mkdf-st-inner\">\n        \t\t\t\t\t<h3 class=\"mkdf-st-title\" >\n\t\t\t\t\u00dcber mich\t\t\t<\/h3>\n\t\t        \t\t\t<\/div>\n<\/div>[vc_column_text]Ich bin im Zentrum von Thessaloniki geboren und aufgewachsen, einer Stadt, die ich immer noch liebe. Ich habe die Deutsche Schule abgeschlossen und lebe seit meinem achtzehnten Lebensjahr im Heimatland meiner Mutter, der Schweiz. An der der Universit\u00e4t Basel habe ich einen Master of Economics and Business Administration absolviert und bin seit dem Jahr 2000 in leitenden Positionen in der Finanzbranche t\u00e4tig. Mit meiner Frau sind wir stolze Eltern einer Tochter und zweier S\u00f6hne.<\/p>\n<p>Meine Eltern haben mir neben dem Privileg, sowohl Grieche als auch Schweizer zu sein, die Liebe zum Schaffen und die Freude vermittelt, G\u00fcter zu erobern, die (nur) mit st\u00e4ndiger Anstrengung sowohl greifbar als auch unverkennbar sind. Mein griechischer Vater vom Schwarzen Meer \u00fcberreichte mir das Geschenk der Ausdauer, meine Schweizer Mutter das Geschenk der Geduld. Der konstante und strukturierte Wechsel dieser beiden Werte sind die beiden wichtigsten &#8220;Paddel&#8221; in meinem t\u00e4glichen Leben.<\/p>\n<p>Schon in jungen Jahren war ich an der Verwaltung der Immobilien meiner Familie beteiligt. Meine Gespr\u00e4che mit meinem Kindheitsfreund und Partner Nikos Lemonas, Gr\u00fcnder und Inhaber von Becode, die 2013 begannen, haben mir die M\u00f6glichkeit gegeben, mich (mehr) professionell in der Branche zu engagieren. Gute Ideen brauchen Zeit und das richtige Klima, um zu reifen, und \u201eTHE PLAN C\u201c wurde 2018 (endlich) in der Schweiz mit der Vision gegr\u00fcndet, eine moderne Lebens- und Arbeitsweise zu entwickeln und anzubieten.<\/p>\n<p><a href=\"mailto:georg.nikolaidis@theplanc.ch\" target=\"_blank\" rel=\"noopener noreferrer\">E-mail: georg.nikolaidis@theplanc.ch<\/a>[\/vc_column_text][\/vc_column][\/vc_row][\/vc_section]<\/p>\n","protected":false},"excerpt":{"rendered":"<p>[vc_section][vc_row][vc_column][vc_empty_space height=&#8221;50px&#8221;][vc_empty_space height=&#8221;50px&#8221;][\/vc_column][\/vc_row][\/vc_section][vc_section][vc_row full_width=&#8221;stretch_row_content_no_spaces&#8221; equal_height=&#8221;yes&#8221;][vc_column offset=&#8221;vc_col-lg-6 vc_col-md-12&#8243;][vc_single_image image=&#8221;915&#8243; img_size=&#8221;full&#8221;][\/vc_column][vc_column css=&#8221;.vc_custom_1578923579720{padding-right: 25px !important;padding-bottom: 25px !important;padding-left: 25px !important;}&#8221; offset=&#8221;vc_col-lg-6 vc_col-md-12&#8243;][vc_row_inner][vc_column_inner offset=&#8221;vc_hidden-lg&#8221;][vc_empty_space height=&#8221;35px&#8221;][\/vc_column_inner][\/vc_row_inner][vc_column_text]Ich bin im Zentrum von Thessaloniki geboren und aufgewachsen, einer Stadt, die ich immer noch liebe. Ich habe die Deutsche Schule [&hellip;]<\/p>\n","protected":false},"author":2,"featured_media":0,"parent":0,"menu_order":0,"comment_status":"closed","ping_status":"closed","template":"","meta":[],"_links":{"self":[{"href":"https:\/\/theplanc.ch\/concept-flats\/wp-json\/wp\/v2\/pages\/647"}],"collection":[{"href":"https:\/\/theplanc.ch\/concept-flats\/wp-json\/wp\/v2\/pages"}],"about":[{"href":"https:\/\/theplanc.ch\/concept-flats\/wp-json\/wp\/v2\/types\/page"}],"author":[{"embeddable":true,"href":"https:\/\/theplanc.ch\/concept-flats\/wp-json\/wp\/v2\/users\/2"}],"replies":[{"embeddable":true,"href":"https:\/\/theplanc.ch\/concept-flats\/wp-json\/wp\/v2\/comments?post=647"}],"version-history":[{"count":11,"href":"https:\/\/theplanc.ch\/concept-flats\/wp-json\/wp\/v2\/pages\/647\/revisions"}],"predecessor-version":[{"id":1238,"href":"https:\/\/theplanc.ch\/concept-flats\/wp-json\/wp\/v2\/pages\/647\/revisions\/1238"}],"wp:attachment":[{"href":"https:\/\/theplanc.ch\/concept-flats\/wp-json\/wp\/v2\/media?parent=647"}],"curies":[{"name":"wp","href":"https:\/\/api.w.org\/{rel}","templated":true}]}}