{"id":493,"date":"2019-10-21T08:18:25","date_gmt":"2019-10-21T08:18:25","guid":{"rendered":"https:\/\/theplanc.ch\/concept-flats\/?page_id=493"},"modified":"2020-02-25T12:57:02","modified_gmt":"2020-02-25T12:57:02","slug":"unsere-gaeste","status":"publish","type":"page","link":"https:\/\/theplanc.ch\/concept-flats\/de\/unsere-gaeste\/","title":{"rendered":"Unsere G\u00e4ste"},"content":{"rendered":"<p>[vc_row][vc_column]<link href=\"https:\/\/fonts.googleapis.com\/css?family=Old+Standard+TT:400\" rel=\"stylesheet\" property=\"stylesheet\" type=\"text\/css\" media=\"all\">\n<div id=\"rev_slider_5_1_wrapper\" class=\"rev_slider_wrapper fullwidthbanner-container\" data-source=\"gallery\" style=\"margin:0px auto;background:transparent;padding:0px;margin-top:0px;margin-bottom:0px;\">\n<!-- START REVOLUTION SLIDER 5.4.8.3 fullwidth mode -->\n\t<div id=\"rev_slider_5_1\" class=\"rev_slider fullwidthabanner\" style=\"display:none;\" data-version=\"5.4.8.3\">\n<ul>\t<!-- SLIDE  -->\n\t<li data-index=\"rs-15\" data-transition=\"fade\" data-slotamount=\"default\" data-hideafterloop=\"0\" data-hideslideonmobile=\"off\"  data-easein=\"default\" data-easeout=\"default\" data-masterspeed=\"360\"  data-rotate=\"0\"  data-saveperformance=\"off\"  data-title=\"Slide\" data-param1=\"\" data-param2=\"\" data-param3=\"\" data-param4=\"\" data-param5=\"\" data-param6=\"\" data-param7=\"\" data-param8=\"\" data-param9=\"\" data-param10=\"\" data-description=\"\">\n\t\t<!-- MAIN IMAGE -->\n\t\t<img src=\"https:\/\/theplanc.ch\/concept-flats\/wp-content\/uploads\/2021\/10\/ind-1.jpg\"  alt=\"\" title=\"ind-1\"  width=\"1920\" height=\"1080\" data-bgposition=\"center center\" data-bgfit=\"cover\" data-bgrepeat=\"no-repeat\" data-bgparallax=\"15\" class=\"rev-slidebg\" data-no-retina>\n\t\t<!-- LAYERS -->\n\n\t\t<!-- LAYER NR. 1 -->\n\t\t<div class=\"tp-caption   tp-resizeme\" \n\t\t\t id=\"slide-15-layer-8\" \n\t\t\t data-x=\"726\" \n\t\t\t data-y=\"426\" \n\t\t\t\t\t\tdata-width=\"['auto']\"\n\t\t\tdata-height=\"['auto']\"\n \n\t\t\tdata-type=\"text\" \n\t\t\tdata-basealign=\"slide\" \n\t\t\tdata-responsive_offset=\"on\" \n\n\t\t\tdata-frames='[{\"delay\":1000,\"speed\":1500,\"frame\":\"0\",\"from\":\"z:0;rX:0;rY:0;rZ:0;sX:0.8;sY:0.8;skX:0;skY:0;opacity:0;\",\"to\":\"o:1;\",\"ease\":\"Power4.easeOut\"},{\"delay\":\"wait\",\"speed\":1500,\"frame\":\"999\",\"to\":\"auto:auto;\",\"ease\":\"Power3.easeInOut\"}]'\n\t\t\tdata-textAlign=\"['inherit','inherit','inherit','inherit']\"\n\t\t\tdata-paddingtop=\"[5,5,5,5]\"\n\t\t\tdata-paddingright=\"[5,5,5,5]\"\n\t\t\tdata-paddingbottom=\"[5,5,5,5]\"\n\t\t\tdata-paddingleft=\"[5,5,5,5]\"\n\n\t\t\tstyle=\"z-index: 5; white-space: nowrap; font-size: 35px; line-height: 35px; font-weight: 400; color: #ffffff; letter-spacing: 0px;font-family:Old Standard TT;background-color:rgba(191,148,16,0.85);border-radius:5px 5px 5px 5px;\">Comprehensive living experience <\/div>\n\n\t\t<!-- LAYER NR. 2 -->\n\t\t<div class=\"tp-caption   tp-resizeme\" \n\t\t\t id=\"slide-15-layer-10\" \n\t\t\t data-x=\"135\" \n\t\t\t data-y=\"321\" \n\t\t\t\t\t\tdata-width=\"['auto']\"\n\t\t\tdata-height=\"['auto']\"\n \n\t\t\tdata-type=\"text\" \n\t\t\tdata-basealign=\"slide\" \n\t\t\tdata-responsive_offset=\"on\" \n\n\t\t\tdata-frames='[{\"delay\":1300,\"speed\":1500,\"frame\":\"0\",\"from\":\"z:0;rX:0;rY:0;rZ:0;sX:0.8;sY:0.8;skX:0;skY:0;opacity:0;\",\"to\":\"o:1;\",\"ease\":\"Power4.easeOut\"},{\"delay\":\"wait\",\"speed\":1500,\"frame\":\"999\",\"to\":\"auto:auto;\",\"ease\":\"Power3.easeInOut\"}]'\n\t\t\tdata-textAlign=\"['inherit','inherit','inherit','inherit']\"\n\t\t\tdata-paddingtop=\"[5,5,5,5]\"\n\t\t\tdata-paddingright=\"[5,5,5,5]\"\n\t\t\tdata-paddingbottom=\"[5,5,5,5]\"\n\t\t\tdata-paddingleft=\"[5,5,5,5]\"\n\n\t\t\tstyle=\"z-index: 6; white-space: nowrap; font-size: 35px; line-height: 35px; font-weight: 400; color: #ffffff; letter-spacing: 0px;font-family:Old Standard TT;background-color:rgba(26,27,25,0.85);border-radius:5px 5px 5px 5px;\">Smart home solutions <\/div>\n\t<\/li>\n<\/ul>\n<div class=\"tp-bannertimer tp-bottom\" style=\"visibility: hidden !important;\"><\/div>\t<\/div>\n<script>var htmlDiv = document.getElementById(\"rs-plugin-settings-inline-css\"); var htmlDivCss=\"\";\r\n\t\t\t\tif(htmlDiv) {\r\n\t\t\t\t\thtmlDiv.innerHTML = htmlDiv.innerHTML + htmlDivCss;\r\n\t\t\t\t}else{\r\n\t\t\t\t\tvar htmlDiv = document.createElement(\"div\");\r\n\t\t\t\t\thtmlDiv.innerHTML = \"<style>\" + htmlDivCss + \"<\/style>\";\r\n\t\t\t\t\tdocument.getElementsByTagName(\"head\")[0].appendChild(htmlDiv.childNodes[0]);\r\n\t\t\t\t}\r\n\t\t\t<\/script>\n\t\t<script type=\"text\/javascript\">\r\nif (setREVStartSize!==undefined) setREVStartSize(\r\n\t{c: '#rev_slider_5_1', gridwidth: [1240], gridheight: [500], sliderLayout: 'fullwidth'});\r\n\t\t\t\r\nvar revapi5,\r\n\ttpj;\t\r\n(function() {\t\t\t\r\n\tif (!\/loaded|interactive|complete\/.test(document.readyState)) document.addEventListener(\"DOMContentLoaded\",onLoad); else onLoad();\t\r\n\tfunction onLoad() {\t\t\t\t\r\n\t\tif (tpj===undefined) { tpj = jQuery; if(\"off\" == \"on\") tpj.noConflict();}\r\n\tif(tpj(\"#rev_slider_5_1\").revolution == undefined){\n\t\trevslider_showDoubleJqueryError(\"#rev_slider_5_1\");\n\t}else{\n\t\trevapi5 = tpj(\"#rev_slider_5_1\").show().revolution({\n\t\t\tsliderType:\"standard\",\n\t\t\tjsFileLocation:\"\/\/theplanc.ch\/concept-flats\/wp-content\/plugins\/revslider\/public\/assets\/js\/\",\n\t\t\tsliderLayout:\"fullwidth\",\n\t\t\tdottedOverlay:\"none\",\n\t\t\tdelay:9000,\n\t\t\tnavigation: {\n\t\t\t\tonHoverStop:\"off\",\n\t\t\t},\n\t\t\tvisibilityLevels:[1240,1024,778,480],\n\t\t\tgridwidth:1240,\n\t\t\tgridheight:500,\n\t\t\tlazyType:\"none\",\n\t\t\tparallax: {\n\t\t\t\ttype:\"mouse\",\n\t\t\t\torigo:\"enterpoint\",\n\t\t\t\tspeed:400,\n\t\t\t\tspeedbg:0,\n\t\t\t\tspeedls:0,\n\t\t\t\tlevels:[5,10,15,20,25,30,35,40,45,46,47,48,49,50,51,55],\n\t\t\t},\n\t\t\tshadow:0,\n\t\t\tspinner:\"spinner0\",\n\t\t\tstopLoop:\"off\",\n\t\t\tstopAfterLoops:-1,\n\t\t\tstopAtSlide:-1,\n\t\t\tshuffle:\"off\",\n\t\t\tautoHeight:\"off\",\n\t\t\tdisableProgressBar:\"on\",\n\t\t\thideThumbsOnMobile:\"off\",\n\t\t\thideSliderAtLimit:0,\n\t\t\thideCaptionAtLimit:0,\n\t\t\thideAllCaptionAtLilmit:0,\n\t\t\tdebugMode:false,\n\t\t\tfallbacks: {\n\t\t\t\tsimplifyAll:\"off\",\n\t\t\t\tnextSlideOnWindowFocus:\"off\",\n\t\t\t\tdisableFocusListener:false,\n\t\t\t}\n\t\t});\n\t}; \/* END OF revapi call *\/\n\t\n }; \/* END OF ON LOAD FUNCTION *\/\r\n}()); \/* END OF WRAPPING FUNCTION *\/\r\n<\/script>\r\n\t\t<\/div><!-- END REVOLUTION SLIDER -->[\/vc_column][\/vc_row][vc_section][vc_row][vc_column][vc_empty_space height=&#8221;50px&#8221;]<div class=\"mkdf-section-title-holder  mkdf-st-standard mkdf-st-title-left mkdf-st-normal-space \" style=\"text-align: center\">\n\t<div class=\"mkdf-st-inner\">\n        \t\t\t\t\t<h2 class=\"mkdf-st-title\" >\n\t\t\t\tUnsere G\u00e4ste\t\t\t<\/h2>\n\t\t        <div class=\"mkdf-svg-separator-holder mkdf-svg-separator-small\">\n    <div class=\"mkdf-svg-separator mkdf-svg-frames-class\" data-svg-frames=\"15\" data-svg-drawing=\"yes\" >\n        <svg version=\"1.1\" style=\"stroke: #bf9410\" id=\"layer_547\" xmlns=\"http:\/\/www.w3.org\/2000\/svg\" xmlns:xlink=\"http:\/\/www.w3.org\/1999\/xlink\" x=\"0px\" y=\"0px\"\n             width=\"65.167px\" height=\"11.917px\" viewBox=\"0 0 65.167 11.917\" enable-background=\"new 0 0 65.167 11.917\" xml:space=\"preserve\">\n            <path fill=\"none\" stroke=\"#010101\" stroke-width=\"1\" stroke-miterlimit=\"3\" d=\"M1.045,9.833 9.295,2.083 17.295,9.833\n            24.295,2.083 32.291,9.833 39.294,2.083 47.294,9.833 54.294,2.083 64.287,9.833 \"\/>\n        <\/svg>\n    <\/div>\n<\/div>\t\t\t<\/div>\n<\/div>[vc_row_inner][vc_column_inner width=&#8221;1\/6&#8243; offset=&#8221;vc_hidden-md vc_hidden-sm vc_hidden-xs&#8221;][\/vc_column_inner][vc_column_inner width=&#8221;2\/3&#8243; offset=&#8221;vc_hidden-md vc_hidden-sm vc_hidden-xs&#8221;][vc_column_text]<\/p>\n<p style=\"text-align: center;\">Die PLAN C-Konzeptwohnung bietet ein ganzheitliches Wohngef\u00fchl. Unsere G\u00e4ste k\u00f6nnen komplett eingerichtete Apartments mit gut ausgestatteter K\u00fcche sowie kostenlosem WIFI und Fernseher erwarten. Die Mietpreise beinhalten den Internet- und TV-Zugang sowie alle Nebenkosten (Wasser, Heizung und Strom). Unser Management-Team hilft Ihnen gerne bei der Suche nach einer Wohnung, die Ihren Bed\u00fcrfnissen entspricht, beantwortet alle Ihre Fragen und unterst\u00fctzt Sie bei individuellen Bed\u00fcrfnissen und W\u00fcnschen<\/p>\n<p>[\/vc_column_text][\/vc_column_inner][vc_column_inner width=&#8221;1\/6&#8243; offset=&#8221;vc_hidden-md vc_hidden-sm vc_hidden-xs&#8221;][\/vc_column_inner][\/vc_row_inner][vc_row_inner][vc_column_inner css=&#8221;.vc_custom_1573052637420{padding-top: 30px !important;padding-right: 20px !important;padding-bottom: 30px !important;padding-left: 20px !important;}&#8221; offset=&#8221;vc_hidden-lg&#8221;][vc_column_text]<\/p>\n<p style=\"text-align: center;\">Die Plan C-Konzeptwohnung bietet ein ganzheitliches Wohngef\u00fchl. Unsere G\u00e4ste k\u00f6nnen komplett eingerichtete Apartments mit gut ausgestatteter K\u00fcche sowie kostenlosem WIFI und Fernseher erwarten. Die Mietpreise beinhalten den Internet- und TV-Zugang sowie alle Nebenkosten (Wasser, Heizung und Strom). Unser Management-Team hilft Ihnen gerne bei der Suche nach einer Wohnung, die Ihren Bed\u00fcrfnissen entspricht, beantwortet alle Ihre Fragen und unterst\u00fctzt Sie bei individuellen Bed\u00fcrfnissen und W\u00fcnschen<\/p>\n<p>[\/vc_column_text][\/vc_column_inner][\/vc_row_inner][vc_empty_space height=&#8221;100px&#8221;][\/vc_column][\/vc_row][\/vc_section][vc_section][vc_row][vc_column][vc_empty_space height=&#8221;60px&#8221;]<div class=\"mkdf-section-title-holder  mkdf-st-standard mkdf-st-title-left mkdf-st-normal-space \" style=\"text-align: center\">\n\t<div class=\"mkdf-st-inner\">\n                    <h6 class=\"mkdf-st-subtitle\" >\n                Zufriedene Kunden            <\/h6>\n        \t\t\t\t\t<h2 class=\"mkdf-st-title\" >\n\t\t\t\tTestimonials\t\t\t<\/h2>\n\t\t        <div class=\"mkdf-svg-separator-holder mkdf-svg-separator-small\">\n    <div class=\"mkdf-svg-separator mkdf-svg-frames-class\" data-svg-frames=\"15\" data-svg-drawing=\"yes\" >\n        <svg version=\"1.1\" style=\"stroke: #bf9410\" id=\"layer_944\" xmlns=\"http:\/\/www.w3.org\/2000\/svg\" xmlns:xlink=\"http:\/\/www.w3.org\/1999\/xlink\" x=\"0px\" y=\"0px\"\n             width=\"65.167px\" height=\"11.917px\" viewBox=\"0 0 65.167 11.917\" enable-background=\"new 0 0 65.167 11.917\" xml:space=\"preserve\">\n            <path fill=\"none\" stroke=\"#010101\" stroke-width=\"1\" stroke-miterlimit=\"3\" d=\"M1.045,9.833 9.295,2.083 17.295,9.833\n            24.295,2.083 32.291,9.833 39.294,2.083 47.294,9.833 54.294,2.083 64.287,9.833 \"\/>\n        <\/svg>\n    <\/div>\n<\/div>\t\t\t<\/div>\n<\/div>[vc_empty_space height=&#8221;60px&#8221;]<div class=\"mkdf-testimonials-holder mkdf-testimonials-boxed  mkdf-navigation-top mkdf-tb-four-columns clearfix\"><div class=\"mkdf-testimonials\" data-number-of-items=\"1\" data-enable-loop=\"yes\" data-type=\"boxed\" data-enable-autoplay=\"yes\" data-slider-speed=\"5000\" data-slider-speed-animation=\"600\" data-enable-navigation=\"yes\" data-enable-pagination=\"yes\"><div class=\"mkdf-testimonials-items-holder\"><div class=\"mkdf-testimonial-content\" id=\"mkdf-testimonials-766\" >\n\t\t\t<div class=\"mkdf-testimonials-author-image-holder clearfix\">\n\t\t\t\t\t\t\t<div class=\"mkdf-testimonial-image\">\n\t\t\t\t\t<img width=\"80\" height=\"80\" src=\"https:\/\/theplanc.ch\/concept-flats\/wp-content\/uploads\/2019\/09\/testimonals-3.png\" class=\"attachment-80x80 size-80x80 wp-post-image\" alt=\"\" decoding=\"async\" \/>\t\t\t\t<\/div>\n\t\t\t\t\t<\/div>\n\t\t<div class=\"mkdf-testimonial-text-holder\" style=\"background-color: #f6f8fb\">\n\t\t\t\t\t<p class=\"mkdf-testimonial-text\"> Great staff, nice surroundings.<\/p>\n\t\t\t\t\t\t\t<div class=\"mkdf-testimonial-author\">\n\t\t\t\t<div class=\"mkdf-testimonials-author-name\">Stephanie Lucas<\/div>\n\t\t\t\t\t\t\t\t\t<div class=\"mkdf-testimonials-author-job\">Designer<\/div>\n\t\t\t\t\t\t\t<\/div>\n\t\t\t<\/div>\n<\/div><div class=\"mkdf-testimonial-content\" id=\"mkdf-testimonials-765\" >\n\t\t\t<div class=\"mkdf-testimonials-author-image-holder clearfix\">\n\t\t\t\t\t\t\t<div class=\"mkdf-testimonial-image\">\n\t\t\t\t\t<img width=\"80\" height=\"80\" src=\"https:\/\/theplanc.ch\/concept-flats\/wp-content\/uploads\/2019\/09\/testimonials-5.png\" class=\"attachment-80x80 size-80x80 wp-post-image\" alt=\"\" decoding=\"async\" \/>\t\t\t\t<\/div>\n\t\t\t\t\t<\/div>\n\t\t<div class=\"mkdf-testimonial-text-holder\" style=\"background-color: #f6f8fb\">\n\t\t\t\t\t<p class=\"mkdf-testimonial-text\">Excellent value for money<\/p>\n\t\t\t\t\t\t\t<div class=\"mkdf-testimonial-author\">\n\t\t\t\t<div class=\"mkdf-testimonials-author-name\">Alex Hansen<\/div>\n\t\t\t\t\t\t\t\t\t<div class=\"mkdf-testimonials-author-job\">Architect<\/div>\n\t\t\t\t\t\t\t<\/div>\n\t\t\t<\/div>\n<\/div><div class=\"mkdf-testimonial-content\" id=\"mkdf-testimonials-764\" >\n\t\t\t<div class=\"mkdf-testimonials-author-image-holder clearfix\">\n\t\t\t\t\t\t\t<div class=\"mkdf-testimonial-image\">\n\t\t\t\t\t<img width=\"80\" height=\"80\" src=\"https:\/\/theplanc.ch\/concept-flats\/wp-content\/uploads\/2019\/09\/testimonals-2.png\" class=\"attachment-80x80 size-80x80 wp-post-image\" alt=\"\" decoding=\"async\" \/>\t\t\t\t<\/div>\n\t\t\t\t\t<\/div>\n\t\t<div class=\"mkdf-testimonial-text-holder\" style=\"background-color: #f6f8fb\">\n\t\t\t\t\t<p class=\"mkdf-testimonial-text\">Excellent! Very clean rooms.<\/p>\n\t\t\t\t\t\t\t<div class=\"mkdf-testimonial-author\">\n\t\t\t\t<div class=\"mkdf-testimonials-author-name\">Johanna Myers<\/div>\n\t\t\t\t\t\t\t\t\t<div class=\"mkdf-testimonials-author-job\">Manager<\/div>\n\t\t\t\t\t\t\t<\/div>\n\t\t\t<\/div>\n<\/div><div class=\"mkdf-testimonial-content\" id=\"mkdf-testimonials-763\" >\n\t\t\t<div class=\"mkdf-testimonials-author-image-holder clearfix\">\n\t\t\t\t\t\t\t<div class=\"mkdf-testimonial-image\">\n\t\t\t\t\t<img width=\"80\" height=\"80\" src=\"https:\/\/theplanc.ch\/concept-flats\/wp-content\/uploads\/2019\/09\/testimonals-3.png\" class=\"attachment-80x80 size-80x80 wp-post-image\" alt=\"\" decoding=\"async\" \/>\t\t\t\t<\/div>\n\t\t\t\t\t<\/div>\n\t\t<div class=\"mkdf-testimonial-text-holder\" style=\"background-color: #f6f8fb\">\n\t\t\t\t\t<p class=\"mkdf-testimonial-text\">\u03a5\u03c0\u03ad\u03c1\u03bf\u03c7\u03bf \u03c0\u03c1\u03bf\u03c3\u03c9\u03c0\u03b9\u03ba\u03cc \u03ba\u03b1\u03b9 \u03c0\u03bf\u03bb\u03cd \u03ba\u03b1\u03bb\u03cc \u03c0\u03b5\u03c1\u03b9\u03b2\u03ac\u03bb\u03bb\u03bf\u03bd.<\/p>\n\t\t\t\t\t\t\t<div class=\"mkdf-testimonial-author\">\n\t\t\t\t<div class=\"mkdf-testimonials-author-name\">Stephanie Lucas<\/div>\n\t\t\t\t\t\t\t\t\t<div class=\"mkdf-testimonials-author-job\">Designer<\/div>\n\t\t\t\t\t\t\t<\/div>\n\t\t\t<\/div>\n<\/div><div class=\"mkdf-testimonial-content\" id=\"mkdf-testimonials-762\" >\n\t\t\t<div class=\"mkdf-testimonials-author-image-holder clearfix\">\n\t\t\t\t\t\t\t<div class=\"mkdf-testimonial-image\">\n\t\t\t\t\t<img width=\"80\" height=\"80\" src=\"https:\/\/theplanc.ch\/concept-flats\/wp-content\/uploads\/2019\/09\/testimonials-5.png\" class=\"attachment-80x80 size-80x80 wp-post-image\" alt=\"\" decoding=\"async\" \/>\t\t\t\t<\/div>\n\t\t\t\t\t<\/div>\n\t\t<div class=\"mkdf-testimonial-text-holder\" style=\"background-color: #f6f8fb\">\n\t\t\t\t\t<p class=\"mkdf-testimonial-text\">\u0395\u03be\u03b1\u03b9\u03c1\u03b5\u03c4\u03b9\u03ba\u03ae \u03c3\u03c7\u03ad\u03c3\u03b7 \u03bc\u03b5\u03c4\u03b1\u03be\u03cd \u03c0\u03bf\u03b9\u03cc\u03c4\u03b7\u03c4\u03b1\u03c2 \u03c4\u03b9\u03bc\u03ae\u03c2.<\/p>\n\t\t\t\t\t\t\t<div class=\"mkdf-testimonial-author\">\n\t\t\t\t<div class=\"mkdf-testimonials-author-name\">Alex Hansen<\/div>\n\t\t\t\t\t\t\t\t\t<div class=\"mkdf-testimonials-author-job\">Architect<\/div>\n\t\t\t\t\t\t\t<\/div>\n\t\t\t<\/div>\n<\/div><div class=\"mkdf-testimonial-content\" id=\"mkdf-testimonials-761\" >\n\t\t\t<div class=\"mkdf-testimonials-author-image-holder clearfix\">\n\t\t\t\t\t\t\t<div class=\"mkdf-testimonial-image\">\n\t\t\t\t\t<img width=\"80\" height=\"80\" src=\"https:\/\/theplanc.ch\/concept-flats\/wp-content\/uploads\/2019\/09\/testimonals-2.png\" class=\"attachment-80x80 size-80x80 wp-post-image\" alt=\"\" decoding=\"async\" \/>\t\t\t\t<\/div>\n\t\t\t\t\t<\/div>\n\t\t<div class=\"mkdf-testimonial-text-holder\" style=\"background-color: #f6f8fb\">\n\t\t\t\t\t<p class=\"mkdf-testimonial-text\">\u0395\u03be\u03b1\u03b9\u03c1\u03b5\u03c4\u03b9\u03ba\u03cc. \u03a0\u03bf\u03bb\u03cd \u03ba\u03b1\u03b8\u03b1\u03c1\u03ac \u03b4\u03c9\u03bc\u03ac\u03c4\u03b9\u03b1.<\/p>\n\t\t\t\t\t\t\t<div class=\"mkdf-testimonial-author\">\n\t\t\t\t<div class=\"mkdf-testimonials-author-name\">Johanna Myers<\/div>\n\t\t\t\t\t\t\t\t\t<div class=\"mkdf-testimonials-author-job\">Manager<\/div>\n\t\t\t\t\t\t\t<\/div>\n\t\t\t<\/div>\n<\/div><div class=\"mkdf-testimonial-content\" id=\"mkdf-testimonials-760\" >\n\t\t\t<div class=\"mkdf-testimonials-author-image-holder clearfix\">\n\t\t\t\t\t\t\t<div class=\"mkdf-testimonial-image\">\n\t\t\t\t\t<img width=\"80\" height=\"80\" src=\"https:\/\/theplanc.ch\/concept-flats\/wp-content\/uploads\/2019\/09\/testimonials-6.png\" class=\"attachment-80x80 size-80x80 wp-post-image\" alt=\"\" decoding=\"async\" \/>\t\t\t\t<\/div>\n\t\t\t\t\t<\/div>\n\t\t<div class=\"mkdf-testimonial-text-holder\" style=\"background-color: #f6f8fb\">\n\t\t\t\t\t<p class=\"mkdf-testimonial-text\">Nice rooms and very good service i prefer and recommend it.<\/p>\n\t\t\t\t\t\t\t<div class=\"mkdf-testimonial-author\">\n\t\t\t\t<div class=\"mkdf-testimonials-author-name\">Arthur Newman<\/div>\n\t\t\t\t\t\t\t\t\t<div class=\"mkdf-testimonials-author-job\">CEO<\/div>\n\t\t\t\t\t\t\t<\/div>\n\t\t\t<\/div>\n<\/div><div class=\"mkdf-testimonial-content\" id=\"mkdf-testimonials-759\" >\n\t\t\t<div class=\"mkdf-testimonials-author-image-holder clearfix\">\n\t\t\t\t\t\t\t<div class=\"mkdf-testimonial-image\">\n\t\t\t\t\t<img width=\"80\" height=\"80\" src=\"https:\/\/theplanc.ch\/concept-flats\/wp-content\/uploads\/2019\/09\/testimonials-6.png\" class=\"attachment-80x80 size-80x80 wp-post-image\" alt=\"\" decoding=\"async\" \/>\t\t\t\t<\/div>\n\t\t\t\t\t<\/div>\n\t\t<div class=\"mkdf-testimonial-text-holder\" style=\"background-color: #f6f8fb\">\n\t\t\t\t\t<p class=\"mkdf-testimonial-text\">\u03a9\u03c1\u03b1\u03af\u03b1 \u03b4\u03c9\u03bc\u03ac\u03c4\u03b9\u03b1 \u03ba\u03b1\u03b9 \u03c0\u03bf\u03bb\u03cd \u03ba\u03b1\u03bb\u03ae \u03b5\u03be\u03c5\u03c0\u03b7\u03c1\u03ad\u03c4\u03b7\u03c3\u03b7, \u03c4\u03bf \u03c0\u03c1\u03bf\u03c4\u03b9\u03bc\u03ce \u03ba\u03b1\u03b9 \u03c4\u03bf \u03c3\u03c5\u03bd\u03b9\u03c3\u03c4\u03ce.<\/p>\n\t\t\t\t\t\t\t<div class=\"mkdf-testimonial-author\">\n\t\t\t\t<div class=\"mkdf-testimonials-author-name\">Arthur Newman<\/div>\n\t\t\t\t\t\t\t\t\t<div class=\"mkdf-testimonials-author-job\">CEO<\/div>\n\t\t\t\t\t\t\t<\/div>\n\t\t\t<\/div>\n<\/div><div class=\"mkdf-testimonial-content\" id=\"mkdf-testimonials-179\" >\n\t\t\t<div class=\"mkdf-testimonials-author-image-holder clearfix\">\n\t\t\t\t\t\t\t<div class=\"mkdf-testimonial-image\">\n\t\t\t\t\t<img width=\"80\" height=\"80\" src=\"https:\/\/theplanc.ch\/concept-flats\/wp-content\/uploads\/2019\/09\/testimonials-6.png\" class=\"attachment-80x80 size-80x80 wp-post-image\" alt=\"\" decoding=\"async\" \/>\t\t\t\t<\/div>\n\t\t\t\t\t<\/div>\n\t\t<div class=\"mkdf-testimonial-text-holder\" style=\"background-color: #f6f8fb\">\n\t\t\t\t\t<p class=\"mkdf-testimonial-text\">Nice rooms and very good service i prefer and recommend it.<\/p>\n\t\t\t\t\t\t\t<div class=\"mkdf-testimonial-author\">\n\t\t\t\t<div class=\"mkdf-testimonials-author-name\">Arthur Newman<\/div>\n\t\t\t\t\t\t\t\t\t<div class=\"mkdf-testimonials-author-job\">CEO<\/div>\n\t\t\t\t\t\t\t<\/div>\n\t\t\t<\/div>\n<\/div><div class=\"mkdf-testimonial-content\" id=\"mkdf-testimonials-178\" >\n\t\t\t<div class=\"mkdf-testimonials-author-image-holder clearfix\">\n\t\t\t\t\t\t\t<div class=\"mkdf-testimonial-image\">\n\t\t\t\t\t<img width=\"80\" height=\"80\" src=\"https:\/\/theplanc.ch\/concept-flats\/wp-content\/uploads\/2019\/09\/testimonals-3.png\" class=\"attachment-80x80 size-80x80 wp-post-image\" alt=\"\" decoding=\"async\" \/>\t\t\t\t<\/div>\n\t\t\t\t\t<\/div>\n\t\t<div class=\"mkdf-testimonial-text-holder\" style=\"background-color: #f6f8fb\">\n\t\t\t\t\t<p class=\"mkdf-testimonial-text\"> Great staff, nice surroundings.<\/p>\n\t\t\t\t\t\t\t<div class=\"mkdf-testimonial-author\">\n\t\t\t\t<div class=\"mkdf-testimonials-author-name\">Stephanie Lucas<\/div>\n\t\t\t\t\t\t\t\t\t<div class=\"mkdf-testimonials-author-job\">Designer<\/div>\n\t\t\t\t\t\t\t<\/div>\n\t\t\t<\/div>\n<\/div><div class=\"mkdf-testimonial-content\" id=\"mkdf-testimonials-177\" >\n\t\t\t<div class=\"mkdf-testimonials-author-image-holder clearfix\">\n\t\t\t\t\t\t\t<div class=\"mkdf-testimonial-image\">\n\t\t\t\t\t<img width=\"80\" height=\"80\" src=\"https:\/\/theplanc.ch\/concept-flats\/wp-content\/uploads\/2019\/09\/testimonials-5.png\" class=\"attachment-80x80 size-80x80 wp-post-image\" alt=\"\" decoding=\"async\" \/>\t\t\t\t<\/div>\n\t\t\t\t\t<\/div>\n\t\t<div class=\"mkdf-testimonial-text-holder\" style=\"background-color: #f6f8fb\">\n\t\t\t\t\t<p class=\"mkdf-testimonial-text\">Excellent value for money<\/p>\n\t\t\t\t\t\t\t<div class=\"mkdf-testimonial-author\">\n\t\t\t\t<div class=\"mkdf-testimonials-author-name\">Alex Hansen<\/div>\n\t\t\t\t\t\t\t\t\t<div class=\"mkdf-testimonials-author-job\">Architect<\/div>\n\t\t\t\t\t\t\t<\/div>\n\t\t\t<\/div>\n<\/div><div class=\"mkdf-testimonial-content\" id=\"mkdf-testimonials-169\" >\n\t\t\t<div class=\"mkdf-testimonials-author-image-holder clearfix\">\n\t\t\t\t\t\t\t<div class=\"mkdf-testimonial-image\">\n\t\t\t\t\t<img width=\"80\" height=\"80\" src=\"https:\/\/theplanc.ch\/concept-flats\/wp-content\/uploads\/2019\/09\/testimonals-2.png\" class=\"attachment-80x80 size-80x80 wp-post-image\" alt=\"\" decoding=\"async\" \/>\t\t\t\t<\/div>\n\t\t\t\t\t<\/div>\n\t\t<div class=\"mkdf-testimonial-text-holder\" style=\"background-color: #f6f8fb\">\n\t\t\t\t\t<p class=\"mkdf-testimonial-text\">Excellent! Very clean rooms.<\/p>\n\t\t\t\t\t\t\t<div class=\"mkdf-testimonial-author\">\n\t\t\t\t<div class=\"mkdf-testimonials-author-name\">Johanna Myers<\/div>\n\t\t\t\t\t\t\t\t\t<div class=\"mkdf-testimonials-author-job\">Manager<\/div>\n\t\t\t\t\t\t\t<\/div>\n\t\t\t<\/div>\n<\/div><\/div><\/div><\/div>[\/vc_column][\/vc_row][\/vc_section]<\/p>\n","protected":false},"excerpt":{"rendered":"<p>[vc_row][vc_column][\/vc_column][\/vc_row][vc_section][vc_row][vc_column][vc_empty_space height=&#8221;50px&#8221;][vc_row_inner][vc_column_inner width=&#8221;1\/6&#8243; offset=&#8221;vc_hidden-md vc_hidden-sm vc_hidden-xs&#8221;][\/vc_column_inner][vc_column_inner width=&#8221;2\/3&#8243; offset=&#8221;vc_hidden-md vc_hidden-sm vc_hidden-xs&#8221;][vc_column_text] Die PLAN C-Konzeptwohnung bietet ein ganzheitliches Wohngef\u00fchl. Unsere G\u00e4ste k\u00f6nnen komplett eingerichtete Apartments mit gut ausgestatteter K\u00fcche sowie kostenlosem WIFI und Fernseher erwarten. Die Mietpreise beinhalten den Internet- und TV-Zugang [&hellip;]<\/p>\n","protected":false},"author":2,"featured_media":0,"parent":0,"menu_order":0,"comment_status":"closed","ping_status":"closed","template":"","meta":[],"_links":{"self":[{"href":"https:\/\/theplanc.ch\/concept-flats\/wp-json\/wp\/v2\/pages\/493"}],"collection":[{"href":"https:\/\/theplanc.ch\/concept-flats\/wp-json\/wp\/v2\/pages"}],"about":[{"href":"https:\/\/theplanc.ch\/concept-flats\/wp-json\/wp\/v2\/types\/page"}],"author":[{"embeddable":true,"href":"https:\/\/theplanc.ch\/concept-flats\/wp-json\/wp\/v2\/users\/2"}],"replies":[{"embeddable":true,"href":"https:\/\/theplanc.ch\/concept-flats\/wp-json\/wp\/v2\/comments?post=493"}],"version-history":[{"count":9,"href":"https:\/\/theplanc.ch\/concept-flats\/wp-json\/wp\/v2\/pages\/493\/revisions"}],"predecessor-version":[{"id":1241,"href":"https:\/\/theplanc.ch\/concept-flats\/wp-json\/wp\/v2\/pages\/493\/revisions\/1241"}],"wp:attachment":[{"href":"https:\/\/theplanc.ch\/concept-flats\/wp-json\/wp\/v2\/media?parent=493"}],"curies":[{"name":"wp","href":"https:\/\/api.w.org\/{rel}","templated":true}]}}