{"id":2068,"date":"2023-11-23T11:21:57","date_gmt":"2023-11-23T11:21:57","guid":{"rendered":"https:\/\/theplanc.ch\/concept-flats\/?page_id=2068"},"modified":"2023-11-23T11:24:56","modified_gmt":"2023-11-23T11:24:56","slug":"triton-de","status":"publish","type":"page","link":"https:\/\/theplanc.ch\/concept-flats\/de\/triton-de\/","title":{"rendered":"Triton"},"content":{"rendered":"<p>[vc_row full_width=&#8221;stretch_row_content_no_spaces&#8221; anchor_button=&#8221;yes&#8221; content_text_aligment=&#8221;center&#8221; parallax_background_image=&#8221;2055&#8243; anchor_button_section=&#8221;Details&#8221; parallax_bg_speed=&#8221;1&#8243;][vc_column]<div class=\"mkdf-elements-holder   mkdf-one-column  mkdf-responsive-mode-768 \" ><div class=\"mkdf-eh-item    \"  data-item-class=\"mkdf-eh-custom-3207\" data-680=\"60% 0%\">\n\t<div class=\"mkdf-eh-item-inner\">\n\t\t<div class=\"mkdf-eh-item-content mkdf-eh-custom-3207\" style=\"padding: 20.5% 0 16%\">\n\t\t\t\n<div class=\"mkdf-property-info-text-holder mkdf-light-skin\">\n                <div class=\"mkdf-property-info-text-item\">\n                <div class=\"mkdf-pit-main-content\">\n                    <div class=\"mkdf-pit-category-holder\">\n                        <div class=\"mkdf-svg-separator-holder mkdf-svg-separator-small\">\n    <div class=\"mkdf-svg-separator mkdf-svg-frames-class\" data-svg-frames=\"15\" data-svg-drawing=\"yes\" >\n        <svg version=\"1.1\"  id=\"layer_112\" xmlns=\"http:\/\/www.w3.org\/2000\/svg\" xmlns:xlink=\"http:\/\/www.w3.org\/1999\/xlink\" x=\"0px\" y=\"0px\"\n             width=\"65.167px\" height=\"11.917px\" viewBox=\"0 0 65.167 11.917\" enable-background=\"new 0 0 65.167 11.917\" xml:space=\"preserve\">\n            <path fill=\"none\" stroke=\"#010101\" stroke-width=\"1\" stroke-miterlimit=\"3\" d=\"M1.045,9.833 9.295,2.083 17.295,9.833\n            24.295,2.083 32.291,9.833 39.294,2.083 47.294,9.833 54.294,2.083 64.287,9.833 \"\/>\n        <\/svg>\n    <\/div>\n<\/div>                                                    <div class=\"mkdf-svg-separator-holder mkdf-svg-separator-small\">\n    <div class=\"mkdf-svg-separator mkdf-svg-frames-class\" data-svg-frames=\"15\" data-svg-drawing=\"yes\" >\n        <svg version=\"1.1\"  id=\"layer_601\" xmlns=\"http:\/\/www.w3.org\/2000\/svg\" xmlns:xlink=\"http:\/\/www.w3.org\/1999\/xlink\" x=\"0px\" y=\"0px\"\n             width=\"65.167px\" height=\"11.917px\" viewBox=\"0 0 65.167 11.917\" enable-background=\"new 0 0 65.167 11.917\" xml:space=\"preserve\">\n            <path fill=\"none\" stroke=\"#010101\" stroke-width=\"1\" stroke-miterlimit=\"3\" d=\"M1.045,9.833 9.295,2.083 17.295,9.833\n            24.295,2.083 32.291,9.833 39.294,2.083 47.294,9.833 54.294,2.083 64.287,9.833 \"\/>\n        <\/svg>\n    <\/div>\n<\/div>                    <\/div>\n                    <div class=\"mkdf-pit-title-holder\">\n                        <div itemprop=\"name\" class=\"mkdf-pit-title entry-title\" >\n                            Triton                        <\/div>\n                    <\/div>\n                <\/div>\n            <\/div>\n            <\/div>\n\t\t<\/div>\n\t<\/div>\n<\/div><\/div>[\/vc_column][\/vc_row][vc_row][vc_column][vc_empty_space height=&#8221;150px&#8221;][\/vc_column][\/vc_row][vc_section][vc_row equal_height=&#8221;yes&#8221; anchor=&#8221;Details&#8221;][vc_column offset=&#8221;vc_col-lg-6 vc_col-md-6&#8243;][vc_column_text]Renoviert und voll m\u00f6bliert m\u00fcssen Sie keinen Cent mehr bezahlen. F\u00fcr weitere Informationen kontaktieren Sie uns per E-Mail oder Telefon und unser verf\u00fcgbarer Partner hilft Ihnen gerne sofort weiter.[\/vc_column_text][vc_empty_space height=&#8221;30px&#8221;][vc_row_inner][vc_column_inner width=&#8221;1\/2&#8243;]<div class=\"mkdf-icon-list-holder \" >\n\t<div class=\"mkdf-il-icon-holder\">\n\t\t<i class=\"mkdf-icon-font-awesome fa fa-home \" style=\"color: #bf9410\"><\/i>\t<\/div>\n\t<p class=\"mkdf-il-text\" style=\"color: #000000;padding-left: 20px\">Quadratmeter : -<\/p>\n<\/div><div class=\"mkdf-icon-list-holder \" >\n\t<div class=\"mkdf-il-icon-holder\">\n\t\t<i class=\"mkdf-icon-font-awesome fa fa-id-badge \" style=\"color: #bf9410\"><\/i>\t<\/div>\n\t<p class=\"mkdf-il-text\" style=\"color: #000000;padding-left: 20px\">Name : Triton<\/p>\n<\/div><div class=\"mkdf-icon-list-holder \" >\n\t<div class=\"mkdf-il-icon-holder\">\n\t\t<i class=\"mkdf-icon-font-awesome fa fa-magic \" style=\"color: #bf9410\"><\/i>\t<\/div>\n\t<p class=\"mkdf-il-text\" style=\"color: #000000;padding-left: 20px\">Style : -<\/p>\n<\/div><div class=\"mkdf-icon-list-holder \" >\n\t<div class=\"mkdf-il-icon-holder\">\n\t\t<i class=\"mkdf-icon-font-awesome fa fa-building \" style=\"color: #bf9410\"><\/i>\t<\/div>\n\t<p class=\"mkdf-il-text\" style=\"color: #000000;padding-left: 20px\">Fu\u00dfboden : -<\/p>\n<\/div><div class=\"mkdf-icon-list-holder \" >\n\t<div class=\"mkdf-il-icon-holder\">\n\t\t<i class=\"mkdf-icon-font-awesome fa fa-thermometer-half \" style=\"color: #bf9410\"><\/i>\t<\/div>\n\t<p class=\"mkdf-il-text\" style=\"color: #000000;padding-left: 20px\">Heizung : Gas<\/p>\n<\/div>[\/vc_column_inner][vc_column_inner width=&#8221;1\/2&#8243;]<div class=\"mkdf-icon-list-holder \" >\n\t<div class=\"mkdf-il-icon-holder\">\n\t\t<i class=\"mkdf-icon-ion-icon ion-fork \" style=\"color: #bf9410;font-size: 25px\"><\/i>\t<\/div>\n\t<p class=\"mkdf-il-text\" style=\"color: #000000;padding-left: 20px\">K\u00fcchen : 1<\/p>\n<\/div><div class=\"mkdf-icon-list-holder \" >\n\t<div class=\"mkdf-il-icon-holder\">\n\t\t<i class=\"mkdf-icon-font-awesome fa fa-bed \" style=\"color: #bf9410\"><\/i>\t<\/div>\n\t<p class=\"mkdf-il-text\" style=\"color: #000000;padding-left: 20px\">Schlafzimmer : 1<\/p>\n<\/div><div class=\"mkdf-icon-list-holder \" >\n\t<div class=\"mkdf-il-icon-holder\">\n\t\t<i class=\"mkdf-icon-font-awesome fa fa-television \" style=\"color: #bf9410\"><\/i>\t<\/div>\n\t<p class=\"mkdf-il-text\" style=\"color: #000000;padding-left: 20px\">Wohnzimmer : 1<\/p>\n<\/div><div class=\"mkdf-icon-list-holder \" >\n\t<div class=\"mkdf-il-icon-holder\">\n\t\t<i class=\"mkdf-icon-font-awesome fa fa-shower \" style=\"color: #bf9410\"><\/i>\t<\/div>\n\t<p class=\"mkdf-il-text\" style=\"color: #000000;padding-left: 20px\">Badezimmer : 1<\/p>\n<\/div>[\/vc_column_inner][\/vc_row_inner][\/vc_column][vc_column offset=&#8221;vc_col-lg-6 vc_col-md-6 vc_hidden-xs&#8221;][vc_row_inner][vc_column_inner offset=&#8221;vc_hidden-lg vc_hidden-sm vc_hidden-xs&#8221;][vc_empty_space height=&#8221;130px&#8221;][\/vc_column_inner][\/vc_row_inner][vc_row_inner][vc_column_inner offset=&#8221;vc_hidden-lg vc_hidden-md vc_hidden-xs&#8221;][vc_empty_space height=&#8221;30px&#8221;][\/vc_column_inner][\/vc_row_inner][vc_single_image image=&#8221;2055&#8243; img_size=&#8221;full&#8221;][\/vc_column][\/vc_row][\/vc_section][vc_section][vc_row][vc_column][vc_empty_space height=&#8221;100px&#8221;]<div class=\"mkdf-section-title-holder  mkdf-st-standard mkdf-st-title-left mkdf-st-normal-space \" style=\"text-align: center\">\n\t<div class=\"mkdf-st-inner\">\n                    <h6 class=\"mkdf-st-subtitle\" >\n                Triton            <\/h6>\n        \t\t\t\t\t<h2 class=\"mkdf-st-title\" >\n\t\t\t\tEntdecken Sie Apartment\t\t\t<\/h2>\n\t\t        <div class=\"mkdf-svg-separator-holder mkdf-svg-separator-small\">\n    <div class=\"mkdf-svg-separator mkdf-svg-frames-class\" data-svg-frames=\"15\" data-svg-drawing=\"yes\" >\n        <svg version=\"1.1\" style=\"stroke: #bf9410\" id=\"layer_34\" xmlns=\"http:\/\/www.w3.org\/2000\/svg\" xmlns:xlink=\"http:\/\/www.w3.org\/1999\/xlink\" x=\"0px\" y=\"0px\"\n             width=\"65.167px\" height=\"11.917px\" viewBox=\"0 0 65.167 11.917\" enable-background=\"new 0 0 65.167 11.917\" xml:space=\"preserve\">\n            <path fill=\"none\" stroke=\"#010101\" stroke-width=\"1\" stroke-miterlimit=\"3\" d=\"M1.045,9.833 9.295,2.083 17.295,9.833\n            24.295,2.083 32.291,9.833 39.294,2.083 47.294,9.833 54.294,2.083 64.287,9.833 \"\/>\n        <\/svg>\n    <\/div>\n<\/div>\t\t\t<\/div>\n<\/div>[vc_empty_space height=&#8221;30px&#8221;]<div class=\"mkdf-image-gallery  mkdf-ig-masonry-type mkdf-tiny-space mkdf-has-shadow mkdf-image-behavior-lightbox\">\n\t<div class=\"mkdf-ig-inner mkdf-outer-space mkdf-ig-masonry mkdf-ig-three-columns\">\n\t\t<div class=\"mkdf-ig-grid-sizer\"><\/div>\n\t\t<div class=\"mkdf-ig-grid-gutter\"><\/div>\n\t\t\t\t\t\t\t\t<div class=\"mkdf-ig-image mkdf-item-space \">\n\t\t\t\t<div class=\"mkdf-ig-image-inner\">\n\t\t\t\t\t\t\t\t\t\t\t<a itemprop=\"image\" class=\"mkdf-ig-lightbox\" href=\"https:\/\/theplanc.ch\/concept-flats\/wp-content\/uploads\/2023\/11\/triton-project-1.jpg\" data-rel=\"prettyPhoto[image_gallery_pretty_photo-789]\" title=\"triton-project-1\">\n\t\t\t\t\t\t\t\t\t\t\t<img width=\"1680\" height=\"1200\" src=\"https:\/\/theplanc.ch\/concept-flats\/wp-content\/uploads\/2023\/11\/triton-project-1.jpg\" class=\"attachment- size-\" alt=\"\" decoding=\"async\" srcset=\"https:\/\/theplanc.ch\/concept-flats\/wp-content\/uploads\/2023\/11\/triton-project-1.jpg 1680w, https:\/\/theplanc.ch\/concept-flats\/wp-content\/uploads\/2023\/11\/triton-project-1-300x214.jpg 300w, https:\/\/theplanc.ch\/concept-flats\/wp-content\/uploads\/2023\/11\/triton-project-1-1024x731.jpg 1024w, https:\/\/theplanc.ch\/concept-flats\/wp-content\/uploads\/2023\/11\/triton-project-1-768x549.jpg 768w, https:\/\/theplanc.ch\/concept-flats\/wp-content\/uploads\/2023\/11\/triton-project-1-1536x1097.jpg 1536w\" sizes=\"(max-width: 1680px) 100vw, 1680px\" \/>\t\t\t\t\t\t\t\t\t\t\t<\/a>\n\t\t\t\t\t\t\t\t\t<\/div>\n\t\t\t<\/div>\n\t\t\t\t\t\t\t\t<div class=\"mkdf-ig-image mkdf-item-space \">\n\t\t\t\t<div class=\"mkdf-ig-image-inner\">\n\t\t\t\t\t\t\t\t\t\t\t<a itemprop=\"image\" class=\"mkdf-ig-lightbox\" href=\"https:\/\/theplanc.ch\/concept-flats\/wp-content\/uploads\/2023\/11\/triton-project-3.jpg\" data-rel=\"prettyPhoto[image_gallery_pretty_photo-789]\" title=\"triton-project-3\">\n\t\t\t\t\t\t\t\t\t\t\t<img width=\"1870\" height=\"1100\" src=\"https:\/\/theplanc.ch\/concept-flats\/wp-content\/uploads\/2023\/11\/triton-project-3.jpg\" class=\"attachment- size-\" alt=\"\" decoding=\"async\" srcset=\"https:\/\/theplanc.ch\/concept-flats\/wp-content\/uploads\/2023\/11\/triton-project-3.jpg 1870w, https:\/\/theplanc.ch\/concept-flats\/wp-content\/uploads\/2023\/11\/triton-project-3-300x176.jpg 300w, https:\/\/theplanc.ch\/concept-flats\/wp-content\/uploads\/2023\/11\/triton-project-3-1024x602.jpg 1024w, https:\/\/theplanc.ch\/concept-flats\/wp-content\/uploads\/2023\/11\/triton-project-3-768x452.jpg 768w, https:\/\/theplanc.ch\/concept-flats\/wp-content\/uploads\/2023\/11\/triton-project-3-1536x904.jpg 1536w\" sizes=\"(max-width: 1870px) 100vw, 1870px\" \/>\t\t\t\t\t\t\t\t\t\t\t<\/a>\n\t\t\t\t\t\t\t\t\t<\/div>\n\t\t\t<\/div>\n\t\t\t\t\t\t\t\t<div class=\"mkdf-ig-image mkdf-item-space \">\n\t\t\t\t<div class=\"mkdf-ig-image-inner\">\n\t\t\t\t\t\t\t\t\t\t\t<a itemprop=\"image\" class=\"mkdf-ig-lightbox\" href=\"https:\/\/theplanc.ch\/concept-flats\/wp-content\/uploads\/2023\/11\/triton-project-2.jpg\" data-rel=\"prettyPhoto[image_gallery_pretty_photo-789]\" title=\"triton-project-2\">\n\t\t\t\t\t\t\t\t\t\t\t<img width=\"1680\" height=\"1200\" src=\"https:\/\/theplanc.ch\/concept-flats\/wp-content\/uploads\/2023\/11\/triton-project-2.jpg\" class=\"attachment- size-\" alt=\"\" decoding=\"async\" srcset=\"https:\/\/theplanc.ch\/concept-flats\/wp-content\/uploads\/2023\/11\/triton-project-2.jpg 1680w, https:\/\/theplanc.ch\/concept-flats\/wp-content\/uploads\/2023\/11\/triton-project-2-300x214.jpg 300w, https:\/\/theplanc.ch\/concept-flats\/wp-content\/uploads\/2023\/11\/triton-project-2-1024x731.jpg 1024w, https:\/\/theplanc.ch\/concept-flats\/wp-content\/uploads\/2023\/11\/triton-project-2-768x549.jpg 768w, https:\/\/theplanc.ch\/concept-flats\/wp-content\/uploads\/2023\/11\/triton-project-2-1536x1097.jpg 1536w\" sizes=\"(max-width: 1680px) 100vw, 1680px\" \/>\t\t\t\t\t\t\t\t\t\t\t<\/a>\n\t\t\t\t\t\t\t\t\t<\/div>\n\t\t\t<\/div>\n\t\t\t\t\t\t\t\t<div class=\"mkdf-ig-image mkdf-item-space \">\n\t\t\t\t<div class=\"mkdf-ig-image-inner\">\n\t\t\t\t\t\t\t\t\t\t\t<a itemprop=\"image\" class=\"mkdf-ig-lightbox\" href=\"https:\/\/theplanc.ch\/concept-flats\/wp-content\/uploads\/2023\/11\/triton-project-6.jpg\" data-rel=\"prettyPhoto[image_gallery_pretty_photo-789]\" title=\"triton-project-6\">\n\t\t\t\t\t\t\t\t\t\t\t<img width=\"1200\" height=\"1500\" src=\"https:\/\/theplanc.ch\/concept-flats\/wp-content\/uploads\/2023\/11\/triton-project-6.jpg\" class=\"attachment- size-\" alt=\"\" decoding=\"async\" srcset=\"https:\/\/theplanc.ch\/concept-flats\/wp-content\/uploads\/2023\/11\/triton-project-6.jpg 1200w, https:\/\/theplanc.ch\/concept-flats\/wp-content\/uploads\/2023\/11\/triton-project-6-240x300.jpg 240w, https:\/\/theplanc.ch\/concept-flats\/wp-content\/uploads\/2023\/11\/triton-project-6-819x1024.jpg 819w, https:\/\/theplanc.ch\/concept-flats\/wp-content\/uploads\/2023\/11\/triton-project-6-768x960.jpg 768w\" sizes=\"(max-width: 1200px) 100vw, 1200px\" \/>\t\t\t\t\t\t\t\t\t\t\t<\/a>\n\t\t\t\t\t\t\t\t\t<\/div>\n\t\t\t<\/div>\n\t\t\t\t\t\t\t\t<div class=\"mkdf-ig-image mkdf-item-space \">\n\t\t\t\t<div class=\"mkdf-ig-image-inner\">\n\t\t\t\t\t\t\t\t\t\t\t<a itemprop=\"image\" class=\"mkdf-ig-lightbox\" href=\"https:\/\/theplanc.ch\/concept-flats\/wp-content\/uploads\/2023\/11\/triton-project-5.jpg\" data-rel=\"prettyPhoto[image_gallery_pretty_photo-789]\" title=\"triton-project-5\">\n\t\t\t\t\t\t\t\t\t\t\t<img width=\"1200\" height=\"1500\" src=\"https:\/\/theplanc.ch\/concept-flats\/wp-content\/uploads\/2023\/11\/triton-project-5.jpg\" class=\"attachment- size-\" alt=\"\" decoding=\"async\" srcset=\"https:\/\/theplanc.ch\/concept-flats\/wp-content\/uploads\/2023\/11\/triton-project-5.jpg 1200w, https:\/\/theplanc.ch\/concept-flats\/wp-content\/uploads\/2023\/11\/triton-project-5-240x300.jpg 240w, https:\/\/theplanc.ch\/concept-flats\/wp-content\/uploads\/2023\/11\/triton-project-5-819x1024.jpg 819w, https:\/\/theplanc.ch\/concept-flats\/wp-content\/uploads\/2023\/11\/triton-project-5-768x960.jpg 768w\" sizes=\"(max-width: 1200px) 100vw, 1200px\" \/>\t\t\t\t\t\t\t\t\t\t\t<\/a>\n\t\t\t\t\t\t\t\t\t<\/div>\n\t\t\t<\/div>\n\t\t\t\t\t\t\t\t<div class=\"mkdf-ig-image mkdf-item-space \">\n\t\t\t\t<div class=\"mkdf-ig-image-inner\">\n\t\t\t\t\t\t\t\t\t\t\t<a itemprop=\"image\" class=\"mkdf-ig-lightbox\" href=\"https:\/\/theplanc.ch\/concept-flats\/wp-content\/uploads\/2023\/11\/triton-project-4.jpg\" data-rel=\"prettyPhoto[image_gallery_pretty_photo-789]\" title=\"triton-project-4\">\n\t\t\t\t\t\t\t\t\t\t\t<img width=\"1200\" height=\"1500\" src=\"https:\/\/theplanc.ch\/concept-flats\/wp-content\/uploads\/2023\/11\/triton-project-4.jpg\" class=\"attachment- size-\" alt=\"\" decoding=\"async\" srcset=\"https:\/\/theplanc.ch\/concept-flats\/wp-content\/uploads\/2023\/11\/triton-project-4.jpg 1200w, https:\/\/theplanc.ch\/concept-flats\/wp-content\/uploads\/2023\/11\/triton-project-4-240x300.jpg 240w, https:\/\/theplanc.ch\/concept-flats\/wp-content\/uploads\/2023\/11\/triton-project-4-819x1024.jpg 819w, https:\/\/theplanc.ch\/concept-flats\/wp-content\/uploads\/2023\/11\/triton-project-4-768x960.jpg 768w\" sizes=\"(max-width: 1200px) 100vw, 1200px\" \/>\t\t\t\t\t\t\t\t\t\t\t<\/a>\n\t\t\t\t\t\t\t\t\t<\/div>\n\t\t\t<\/div>\n\t\t\t\t\t\t\t\t<div class=\"mkdf-ig-image mkdf-item-space \">\n\t\t\t\t<div class=\"mkdf-ig-image-inner\">\n\t\t\t\t\t\t\t\t\t\t\t<a itemprop=\"image\" class=\"mkdf-ig-lightbox\" href=\"https:\/\/theplanc.ch\/concept-flats\/wp-content\/uploads\/2023\/11\/triton-project-7-scaled.jpg\" data-rel=\"prettyPhoto[image_gallery_pretty_photo-789]\" title=\"triton-project-7\">\n\t\t\t\t\t\t\t\t\t\t\t<img width=\"2560\" height=\"985\" src=\"https:\/\/theplanc.ch\/concept-flats\/wp-content\/uploads\/2023\/11\/triton-project-7-scaled.jpg\" class=\"attachment- size-\" alt=\"\" decoding=\"async\" srcset=\"https:\/\/theplanc.ch\/concept-flats\/wp-content\/uploads\/2023\/11\/triton-project-7-scaled.jpg 2560w, https:\/\/theplanc.ch\/concept-flats\/wp-content\/uploads\/2023\/11\/triton-project-7-300x115.jpg 300w, https:\/\/theplanc.ch\/concept-flats\/wp-content\/uploads\/2023\/11\/triton-project-7-1024x394.jpg 1024w, https:\/\/theplanc.ch\/concept-flats\/wp-content\/uploads\/2023\/11\/triton-project-7-768x295.jpg 768w, https:\/\/theplanc.ch\/concept-flats\/wp-content\/uploads\/2023\/11\/triton-project-7-1536x591.jpg 1536w\" sizes=\"(max-width: 2560px) 100vw, 2560px\" \/>\t\t\t\t\t\t\t\t\t\t\t<\/a>\n\t\t\t\t\t\t\t\t\t<\/div>\n\t\t\t<\/div>\n\t\t\t<\/div>\n<\/div>[vc_empty_space height=&#8221;100px&#8221;][\/vc_column][\/vc_row][\/vc_section]<\/p>\n","protected":false},"excerpt":{"rendered":"<p>[vc_row full_width=&#8221;stretch_row_content_no_spaces&#8221; anchor_button=&#8221;yes&#8221; content_text_aligment=&#8221;center&#8221; parallax_background_image=&#8221;2055&#8243; anchor_button_section=&#8221;Details&#8221; parallax_bg_speed=&#8221;1&#8243;][vc_column][\/vc_column][\/vc_row][vc_row][vc_column][vc_empty_space height=&#8221;150px&#8221;][\/vc_column][\/vc_row][vc_section][vc_row equal_height=&#8221;yes&#8221; anchor=&#8221;Details&#8221;][vc_column offset=&#8221;vc_col-lg-6 vc_col-md-6&#8243;][vc_column_text]Renoviert und voll m\u00f6bliert m\u00fcssen Sie keinen Cent mehr bezahlen. F\u00fcr weitere Informationen kontaktieren Sie uns per E-Mail oder Telefon und unser verf\u00fcgbarer Partner hilft Ihnen gerne sofort weiter.[\/vc_column_text][vc_empty_space [&hellip;]<\/p>\n","protected":false},"author":2,"featured_media":0,"parent":0,"menu_order":0,"comment_status":"closed","ping_status":"closed","template":"","meta":[],"_links":{"self":[{"href":"https:\/\/theplanc.ch\/concept-flats\/wp-json\/wp\/v2\/pages\/2068"}],"collection":[{"href":"https:\/\/theplanc.ch\/concept-flats\/wp-json\/wp\/v2\/pages"}],"about":[{"href":"https:\/\/theplanc.ch\/concept-flats\/wp-json\/wp\/v2\/types\/page"}],"author":[{"embeddable":true,"href":"https:\/\/theplanc.ch\/concept-flats\/wp-json\/wp\/v2\/users\/2"}],"replies":[{"embeddable":true,"href":"https:\/\/theplanc.ch\/concept-flats\/wp-json\/wp\/v2\/comments?post=2068"}],"version-history":[{"count":3,"href":"https:\/\/theplanc.ch\/concept-flats\/wp-json\/wp\/v2\/pages\/2068\/revisions"}],"predecessor-version":[{"id":2071,"href":"https:\/\/theplanc.ch\/concept-flats\/wp-json\/wp\/v2\/pages\/2068\/revisions\/2071"}],"wp:attachment":[{"href":"https:\/\/theplanc.ch\/concept-flats\/wp-json\/wp\/v2\/media?parent=2068"}],"curies":[{"name":"wp","href":"https:\/\/api.w.org\/{rel}","templated":true}]}}