{"id":2016,"date":"2023-06-15T14:04:16","date_gmt":"2023-06-15T14:04:16","guid":{"rendered":"https:\/\/theplanc.ch\/concept-flats\/?page_id=2016"},"modified":"2023-11-23T13:38:57","modified_gmt":"2023-11-23T13:38:57","slug":"entdecken-sie-unsere-apartments-nireas","status":"publish","type":"page","link":"https:\/\/theplanc.ch\/concept-flats\/de\/entdecken-sie-unsere-apartments-nireas\/","title":{"rendered":"Nireas"},"content":{"rendered":"<p>[vc_row][vc_column][vc_single_image image=&#8221;2010&#8243; img_size=&#8221;600&#215;400&#8243; alignment=&#8221;center&#8221;][vc_empty_space height=&#8221;50px&#8221;][\/vc_column][\/vc_row][vc_row][vc_column][vc_column_text]Der Gegend des Hauptbahnhofs, der auch als \u201eNeuer\u201c Hauptbahnhof bekannt ist, befindet sich am westlichsten Ende des Stadtzentrums von Thessaloniki. \u00dcber viele Jahrzehnte war es ein wichtiger Pol des das Zentrum des Handels- und des fr\u00fcher stark entwickelten Textilkleinbetrieblebens der Stadt. Aufgrund der Wirtschaftskrise und der Flucht der meisten kommerziellen und anderen Nutzungen aus der Stadt war es mehrere Jahre lang heruntergekommen.<\/p>\n<p>Das Gebiet ver\u00e4ndert sich langsam, aber stetig, wie es in der Vergangenheit in anderen nahen gelegenen Quartieren (z.B. \u201eValaoritou\u201c) geschehen ist. Im Jahr 2023 wird die erste Phase der U-Bahn von Thessaloniki fertiggestellt, wobei sich hier der Ausgangspunkt aller Linien befindet. Geb\u00e4ude werden zu Wohnungen f\u00fcr Menschen umgebaut, die die N\u00e4he zur Innenstadt bevorzugen, ohne hohe Mieten zahlen zu m\u00fcssen. Die Gegend ist erwacht und wir, getreu der Philosophie der Transformation um ein neues Ganzes zu schaffen, das das Alte mit dem Neuen vereint, schufen \u201eNIREAS\u201c.<\/p>\n<p>In einem gepflegten Wohnhaus aus den 70ern renovierten wir eine Wohnung, die sich in unserem Besitz befindet und entwickelten den Apartmentkomplex \u201eNIREAS\u201c mit 3 Mikroapartments (22-25 m\u00b2). Die altgriechischen Traditionen stellen &#8220;NIREA&#8221; als einen sanften, freundlichen und liebenswerten alten Mann dar und wir glauben, dass der Name sehr passend ist.<\/p>\n<p>&#8220;NIREAS&#8221; liegt 200 Meter vom Hauptbahnhof von Thessaloniki und 500 Meter von &#8220;One Salonica Mall&#8221;, das Gesch\u00e4fte, ein Multiplexkino, Restaurants und Caf\u00e9s sowie einen grossen Supermarkt anbietet. Der Zugang zu den Verkehrsmitteln ist gew\u00e4hrleistet, da NIREAS 3 Minuten von der Bushaltestelle und der zuk\u00fcnftigen Endstation der U-Bahn entfernt ist. NIREAS liegt 5 Minuten mit dem Auto und 20 Minuten zu Fuss vom Aristoteles-Platz und dem Wei\u00dfen Turm entfernt, und bietet direkten Zugang zur Autobahn nach Athen und den anderen St\u00e4dten Nordgriechenlands, einen einfachen Zugang zur Umfahrungsstrasse f\u00fcr den Rest Griechenlands und die Nachbarl\u00e4nder, sowie zum Haffen von Thessaloniki.<\/p>\n<p>Die modernen Wohnungen sind voll funktionsf\u00e4hig und komplett ausgestattet: Badezimmer, K\u00fcche, TV-Home-Unterhaltung, eigene Waschmaschine und einen eigenen Balkon. Im Mietzins sind s\u00e4mtliche Betriebskosten enthalten: Strom, Gas, Wasser, Wi-Fi, wobei wir auch zu Vorzugspreisen eine Zimmerreinigung anbieten.[\/vc_column_text][vc_empty_space height=&#8221;70px&#8221;][vc_column_text]<\/p>\n<div style=\"width: 1100px;\" class=\"wp-video\"><!--[if lt IE 9]><script>document.createElement('video');<\/script><![endif]-->\n<video class=\"wp-video-shortcode\" id=\"video-2016-1\" width=\"1100\" height=\"619\" preload=\"metadata\" controls=\"controls\"><source type=\"video\/mp4\" src=\"https:\/\/theplanc.ch\/concept-flats\/wp-content\/uploads\/2023\/11\/TPC-NIREAS-teaser.mp4?_=1\" \/><a href=\"https:\/\/theplanc.ch\/concept-flats\/wp-content\/uploads\/2023\/11\/TPC-NIREAS-teaser.mp4\">https:\/\/theplanc.ch\/concept-flats\/wp-content\/uploads\/2023\/11\/TPC-NIREAS-teaser.mp4<\/a><\/video><\/div>\n<p>[\/vc_column_text][vc_empty_space height=&#8221;70px&#8221;][\/vc_column][\/vc_row][vc_row full_width=&#8221;stretch_row_content_no_spaces&#8221;][vc_column][vc_raw_html]JTNDaWZyYW1lJTIwc3JjJTNEJTIyaHR0cHMlM0ElMkYlMkZ3d3cuZ29vZ2xlLmNvbSUyRm1hcHMlMkZlbWJlZCUzRnBiJTNEJTIxMW0xOCUyMTFtMTIlMjExbTMlMjExZDMwMjcuMjQyODYzODUwNDEwNyUyMTJkMjIuOTIxMzE3OTc2NDk3NTc2JTIxM2Q0MC42NDY1NzY1NDE2MTc2MSUyMTJtMyUyMTFmMCUyMTJmMCUyMTNmMCUyMTNtMiUyMTFpMTAyNCUyMTJpNzY4JTIxNGYxMy4xJTIxM20zJTIxMW0yJTIxMXMweDE0YTgzOTk5ODczY2EwMGYlMjUzQTB4YmE3M2FkMmQwZDlkNmZkZiUyMTJ6enB6T3Y4Njl6ckhQZzgtRXpyZlBnYzZ2enJfUGhTQTFNaXdnenBqT3RjLUR6NFBPc2M2N3pyX092YzZ2enJyT3R5QTFORFlnTWpjJTIxNWUwJTIxM20yJTIxMXNlbCUyMTJzZ3IlMjE0djE2ODY4Mzg0OTcxODglMjE1bTIlMjExc2VsJTIxMnNnciUyMiUyMHdpZHRoJTNEJTIyMTAwJTI1JTIyJTIwaGVpZ2h0JTNEJTIyMzAwJTIyJTIwc3R5bGUlM0QlMjJib3JkZXIlM0EwJTNCJTIyJTIwYWxsb3dmdWxsc2NyZWVuJTNEJTIyJTIyJTIwbG9hZGluZyUzRCUyMmxhenklMjIlMjByZWZlcnJlcnBvbGljeSUzRCUyMm5vLXJlZmVycmVyLXdoZW4tZG93bmdyYWRlJTIyJTNFJTNDJTJGaWZyYW1lJTNF[\/vc_raw_html][\/vc_column][\/vc_row]<\/p>\n","protected":false},"excerpt":{"rendered":"<p>[vc_row][vc_column][vc_single_image image=&#8221;2010&#8243; img_size=&#8221;600&#215;400&#8243; alignment=&#8221;center&#8221;][vc_empty_space height=&#8221;50px&#8221;][\/vc_column][\/vc_row][vc_row][vc_column][vc_column_text]Der Gegend des Hauptbahnhofs, der auch als \u201eNeuer\u201c Hauptbahnhof bekannt ist, befindet sich am westlichsten Ende des Stadtzentrums von Thessaloniki. \u00dcber viele Jahrzehnte war es ein wichtiger Pol des das Zentrum des Handels- und des fr\u00fcher [&hellip;]<\/p>\n","protected":false},"author":2,"featured_media":0,"parent":0,"menu_order":0,"comment_status":"closed","ping_status":"closed","template":"","meta":[],"_links":{"self":[{"href":"https:\/\/theplanc.ch\/concept-flats\/wp-json\/wp\/v2\/pages\/2016"}],"collection":[{"href":"https:\/\/theplanc.ch\/concept-flats\/wp-json\/wp\/v2\/pages"}],"about":[{"href":"https:\/\/theplanc.ch\/concept-flats\/wp-json\/wp\/v2\/types\/page"}],"author":[{"embeddable":true,"href":"https:\/\/theplanc.ch\/concept-flats\/wp-json\/wp\/v2\/users\/2"}],"replies":[{"embeddable":true,"href":"https:\/\/theplanc.ch\/concept-flats\/wp-json\/wp\/v2\/comments?post=2016"}],"version-history":[{"count":5,"href":"https:\/\/theplanc.ch\/concept-flats\/wp-json\/wp\/v2\/pages\/2016\/revisions"}],"predecessor-version":[{"id":2018,"href":"https:\/\/theplanc.ch\/concept-flats\/wp-json\/wp\/v2\/pages\/2016\/revisions\/2018"}],"wp:attachment":[{"href":"https:\/\/theplanc.ch\/concept-flats\/wp-json\/wp\/v2\/media?parent=2016"}],"curies":[{"name":"wp","href":"https:\/\/api.w.org\/{rel}","templated":true}]}}